{"id":98,"date":"2019-09-19T13:22:46","date_gmt":"2019-09-19T13:22:46","guid":{"rendered":"http:\/\/revokick.de\/?page_id=98"},"modified":"2019-09-19T18:35:36","modified_gmt":"2019-09-19T18:35:36","slug":"modelle","status":"publish","type":"page","link":"https:\/\/revokick.de\/?page_id=98","title":{"rendered":"Modelle"},"content":{"rendered":"<p><svg xmlns=\"http:\/\/www.w3.org\/2000\/svg\" xmlns:xlink=\"http:\/\/www.w3.org\/1999\/xlink\" id=\"Capa_1\" x=\"0px\" y=\"0px\" width=\"575.065px\" height=\"575.066px\" viewBox=\"0 0 575.065 575.066\" style=\"enable-background:new 0 0 575.065 575.066;\" xml:space=\"preserve\">\n<g>\n\t<g id=\"Layer_1_97_\">\n\t\t<path d=\"M508.725,383.158l-25.5-113.475l0,0l-45.9-210.375c-2.549-11.475-12.75-19.125-24.225-19.125h-71.4    c-14.023,0-25.5,11.475-25.5,25.5s11.477,25.5,25.5,25.5h51L433.5,273.508l-75.225,159.374H211.65    c-6.375-62.475-58.65-109.648-122.4-109.648c-10.2,0-19.125,8.924-19.125,19.125c0,10.199,8.925,19.125,19.125,19.125    c43.35,0,79.05,31.875,84.15,72.674h-26.775c-10.2-29.324-38.25-49.725-71.4-49.725c-40.8,0-75.225,33.15-75.225,75.225    c0,42.076,33.15,75.225,75.225,75.225c33.15,0,61.2-20.398,71.4-49.725l225.676-1.275c10.199,0,17.85-5.1,22.949-14.023    l54.824-116.025L459,395.908c-20.4,12.75-34.426,36.975-34.426,63.75c0,40.801,33.15,75.225,75.227,75.225    c42.074,0,75.225-33.148,75.225-75.225C576.301,418.859,546.975,386.984,508.725,383.158z M76.5,495.359    c-20.4,0-36.975-16.576-36.975-36.977c0-20.398,16.575-36.975,36.975-36.975c11.475,0,20.4,5.1,28.05,12.75h-15.3    c-14.025,0-25.5,11.475-25.5,25.5s11.475,25.5,25.5,25.5l0,0h15.3C98.175,490.257,87.975,495.359,76.5,495.359z M501.074,495.359    c-20.398,0-36.975-16.576-36.975-36.977c0-7.648,2.551-15.299,6.375-20.398l2.551,12.75c2.549,11.475,12.75,19.125,24.225,19.125    c1.275,0,3.824,0,5.1,0c14.025-2.551,21.676-16.576,19.125-29.326l-2.549-14.025c11.475,6.375,20.398,19.125,20.398,33.15    C538.051,478.783,521.475,495.359,501.074,495.359z\"><\/path>\n\t<\/g>\n<\/g>\n<g>\n<\/g>\n<g>\n<\/g>\n<g>\n<\/g>\n<g>\n<\/g>\n<g>\n<\/g>\n<g>\n<\/g>\n<g>\n<\/g>\n<g>\n<\/g>\n<g>\n<\/g>\n<g>\n<\/g>\n<g>\n<\/g>\n<g>\n<\/g>\n<g>\n<\/g>\n<g>\n<\/g>\n<g>\n<\/g>\n<\/svg>\t\t\t\t<\/p>\n<h3>\n\t\t\t\t\tDie REVOKICK Modelle im \u00dcberblick<br \/>\n\t\t\t\t<\/h3>\n<p>von skinny bis kr\u00e4ftig&#8230;<\/p>\n<figure><img src=\"http:\/\/revokick.de\/wp-content\/uploads\/2019\/09\/kick-scooter-svgrepo-com.svg\" alt=\"\" \/><\/figure>\n<h3>REVOKICK-S1<\/h3>\n<p>&#8230;coming soon.<\/p>\n<figure><img src=\"http:\/\/revokick.de\/wp-content\/uploads\/2019\/09\/kick-scooter-svgrepo-com.svg\" alt=\"\" \/><\/figure>\n<h3>REVOKICK-M1<\/h3>\n<p>&#8230;coming soon.<\/p>\n<figure><img src=\"http:\/\/revokick.de\/wp-content\/uploads\/2019\/09\/kick-scooter-svgrepo-com.svg\" alt=\"\" \/><\/figure>\n<h3>REVOKICK-S2<\/h3>\n<p>&#8230;ab Dezember 2019 verf\u00fcgbar<\/p>\n<figure><img src=\"http:\/\/revokick.de\/wp-content\/uploads\/2019\/09\/kick-scooter-svgrepo-com.svg\" alt=\"\" \/><\/figure>\n<h3>REVOKICK-M2<\/h3>\n<p>&#8230;coming soon.<\/p>\n","protected":false},"excerpt":{"rendered":"<p>Die REVOKICK Modelle im \u00dcberblick von skinny bis kr\u00e4ftig&#8230; REVOKICK-S1 &#8230;coming soon. REVOKICK-M1 &#8230;coming soon. REVOKICK-S2 &#8230;ab Dezember 2019 verf\u00fcgbar REVOKICK-M2 &#8230;coming soon.<\/p>\n","protected":false},"author":1,"featured_media":0,"parent":0,"menu_order":0,"comment_status":"closed","ping_status":"closed","template":"","meta":[],"_links":{"self":[{"href":"https:\/\/revokick.de\/index.php?rest_route=\/wp\/v2\/pages\/98"}],"collection":[{"href":"https:\/\/revokick.de\/index.php?rest_route=\/wp\/v2\/pages"}],"about":[{"href":"https:\/\/revokick.de\/index.php?rest_route=\/wp\/v2\/types\/page"}],"author":[{"embeddable":true,"href":"https:\/\/revokick.de\/index.php?rest_route=\/wp\/v2\/users\/1"}],"replies":[{"embeddable":true,"href":"https:\/\/revokick.de\/index.php?rest_route=%2Fwp%2Fv2%2Fcomments&post=98"}],"version-history":[{"count":7,"href":"https:\/\/revokick.de\/index.php?rest_route=\/wp\/v2\/pages\/98\/revisions"}],"predecessor-version":[{"id":125,"href":"https:\/\/revokick.de\/index.php?rest_route=\/wp\/v2\/pages\/98\/revisions\/125"}],"wp:attachment":[{"href":"https:\/\/revokick.de\/index.php?rest_route=%2Fwp%2Fv2%2Fmedia&parent=98"}],"curies":[{"name":"wp","href":"https:\/\/api.w.org\/{rel}","templated":true}]}}